{"id":60,"date":"2025-08-24T18:08:00","date_gmt":"2025-08-24T18:08:00","guid":{"rendered":"https:\/\/pgoh.eu\/?page_id=60"},"modified":"2025-08-24T18:08:00","modified_gmt":"2025-08-24T18:08:00","slug":"bezpieczenstwo-na-strzelnicy","status":"publish","type":"page","link":"https:\/\/pgoh.eu\/?page_id=60","title":{"rendered":"Bezpiecze\u0144stwo na strzelnicy"},"content":{"rendered":"\n<p>Na koniec najwa\u017cniejsze \u2013 <strong>BHP<\/strong>. \u0141ucznictwo to pi\u0119kny sport, ale tylko wtedy, gdy przestrzegamy zasad.<\/p>\n\n\n\n<ul class=\"wp-block-list\">\n<li>Strzelamy tylko w wyznaczonym kierunku.<\/li>\n\n\n\n<li>Nigdy nie napinamy ci\u0119ciwy, gdy kto\u015b stoi przed nami.<\/li>\n\n\n\n<li>Strza\u0142y zbieramy dopiero na komend\u0119.<\/li>\n\n\n\n<li>Zawsze upewniamy si\u0119, \u017ce pole jest wolne.<\/li>\n<\/ul>\n\n\n\n<p>Brzmi banalnie? Mo\u017ce i tak, ale to w\u0142a\u015bnie te proste regu\u0142y gwarantuj\u0105, \u017ce ka\u017cdy trening ko\u0144czy si\u0119 u\u015bmiechem, a nie wizyt\u0105 u ortopedy.<\/p>\n","protected":false},"excerpt":{"rendered":"<p>Na koniec najwa\u017cniejsze \u2013 BHP. \u0141ucznictwo to pi\u0119kny sport, ale tylko wtedy, gdy przestrzegamy zasad. Brzmi banalnie? Mo\u017ce i tak, ale to w\u0142a\u015bnie te proste regu\u0142y gwarantuj\u0105, \u017ce ka\u017cdy trening ko\u0144czy si\u0119 u\u015bmiechem, a nie wizyt\u0105 u ortopedy.<\/p>\n","protected":false},"author":1,"featured_media":0,"parent":50,"menu_order":0,"comment_status":"closed","ping_status":"closed","template":"","meta":{"footnotes":""},"class_list":["post-60","page","type-page","status-publish","hentry"],"_links":{"self":[{"href":"https:\/\/pgoh.eu\/index.php?rest_route=\/wp\/v2\/pages\/60","targetHints":{"allow":["GET"]}}],"collection":[{"href":"https:\/\/pgoh.eu\/index.php?rest_route=\/wp\/v2\/pages"}],"about":[{"href":"https:\/\/pgoh.eu\/index.php?rest_route=\/wp\/v2\/types\/page"}],"author":[{"embeddable":true,"href":"https:\/\/pgoh.eu\/index.php?rest_route=\/wp\/v2\/users\/1"}],"replies":[{"embeddable":true,"href":"https:\/\/pgoh.eu\/index.php?rest_route=%2Fwp%2Fv2%2Fcomments&post=60"}],"version-history":[{"count":1,"href":"https:\/\/pgoh.eu\/index.php?rest_route=\/wp\/v2\/pages\/60\/revisions"}],"predecessor-version":[{"id":61,"href":"https:\/\/pgoh.eu\/index.php?rest_route=\/wp\/v2\/pages\/60\/revisions\/61"}],"up":[{"embeddable":true,"href":"https:\/\/pgoh.eu\/index.php?rest_route=\/wp\/v2\/pages\/50"}],"wp:attachment":[{"href":"https:\/\/pgoh.eu\/index.php?rest_route=%2Fwp%2Fv2%2Fmedia&parent=60"}],"curies":[{"name":"wp","href":"https:\/\/api.w.org\/{rel}","templated":true}]}}