{"id":58,"date":"2025-08-24T18:07:37","date_gmt":"2025-08-24T18:07:37","guid":{"rendered":"https:\/\/pgoh.eu\/?page_id=58"},"modified":"2025-08-24T18:07:37","modified_gmt":"2025-08-24T18:07:37","slug":"seria-strzalow-i-analiza-wynikow","status":"publish","type":"page","link":"https:\/\/pgoh.eu\/?page_id=58","title":{"rendered":"Seria strza\u0142\u00f3w i analiza wynik\u00f3w"},"content":{"rendered":"\n<p>\u0141ucznictwo to nie tylko machanie strza\u0142ami w powietrzu. Uczymy si\u0119 systematycznie, dlatego wa\u017cne s\u0105 <strong>serie strza\u0142\u00f3w<\/strong>:<\/p>\n\n\n\n<ul class=\"wp-block-list\">\n<li>Zazwyczaj 5\u201310 strza\u0142\u00f3w w jednej serii.<\/li>\n\n\n\n<li>Po serii analizujemy, gdzie trafia\u0142y strza\u0142y.<\/li>\n\n\n\n<li>Notujemy wyniki w kartach lub tabelach (tak, nawet Excel ma swoje miejsce w \u0142ucznictwie).<\/li>\n<\/ul>\n\n\n\n<p>Dzi\u0119ki temu \u0142atwiej zauwa\u017cy\u0107 b\u0142\u0119dy i post\u0119py. Ka\u017cda seria to krok bli\u017cej do skupienia strza\u0142 w samym \u015brodku tarczy.<\/p>\n","protected":false},"excerpt":{"rendered":"<p>\u0141ucznictwo to nie tylko machanie strza\u0142ami w powietrzu. Uczymy si\u0119 systematycznie, dlatego wa\u017cne s\u0105 serie strza\u0142\u00f3w: Dzi\u0119ki temu \u0142atwiej zauwa\u017cy\u0107 b\u0142\u0119dy i post\u0119py. Ka\u017cda seria to krok bli\u017cej do skupienia strza\u0142 w samym \u015brodku tarczy.<\/p>\n","protected":false},"author":1,"featured_media":0,"parent":50,"menu_order":0,"comment_status":"closed","ping_status":"closed","template":"","meta":{"footnotes":""},"class_list":["post-58","page","type-page","status-publish","hentry"],"_links":{"self":[{"href":"https:\/\/pgoh.eu\/index.php?rest_route=\/wp\/v2\/pages\/58","targetHints":{"allow":["GET"]}}],"collection":[{"href":"https:\/\/pgoh.eu\/index.php?rest_route=\/wp\/v2\/pages"}],"about":[{"href":"https:\/\/pgoh.eu\/index.php?rest_route=\/wp\/v2\/types\/page"}],"author":[{"embeddable":true,"href":"https:\/\/pgoh.eu\/index.php?rest_route=\/wp\/v2\/users\/1"}],"replies":[{"embeddable":true,"href":"https:\/\/pgoh.eu\/index.php?rest_route=%2Fwp%2Fv2%2Fcomments&post=58"}],"version-history":[{"count":1,"href":"https:\/\/pgoh.eu\/index.php?rest_route=\/wp\/v2\/pages\/58\/revisions"}],"predecessor-version":[{"id":59,"href":"https:\/\/pgoh.eu\/index.php?rest_route=\/wp\/v2\/pages\/58\/revisions\/59"}],"up":[{"embeddable":true,"href":"https:\/\/pgoh.eu\/index.php?rest_route=\/wp\/v2\/pages\/50"}],"wp:attachment":[{"href":"https:\/\/pgoh.eu\/index.php?rest_route=%2Fwp%2Fv2%2Fmedia&parent=58"}],"curies":[{"name":"wp","href":"https:\/\/api.w.org\/{rel}","templated":true}]}}