{"id":56,"date":"2025-08-24T18:07:16","date_gmt":"2025-08-24T18:07:16","guid":{"rendered":"https:\/\/pgoh.eu\/?page_id=56"},"modified":"2025-08-24T18:07:16","modified_gmt":"2025-08-24T18:07:16","slug":"celowanie-i-punkt-kotwiczenia","status":"publish","type":"page","link":"https:\/\/pgoh.eu\/?page_id=56","title":{"rendered":"Celowanie i punkt kotwiczenia"},"content":{"rendered":"\n<p>\u017beby trafi\u0107 w cel, nie wystarczy patrze\u0107 na tarcz\u0119. Trzeba zadba\u0107 o <strong>punkt kotwiczenia<\/strong> \u2013 miejsce, do kt\u00f3rego zawsze doci\u0105gasz ci\u0119ciw\u0119.<\/p>\n\n\n\n<p>Najcz\u0119\u015bciej wybiera si\u0119:<\/p>\n\n\n\n<ul class=\"wp-block-list\">\n<li>k\u0105cik ust,<\/li>\n\n\n\n<li>brod\u0119,<\/li>\n\n\n\n<li>policzek.<\/li>\n<\/ul>\n\n\n\n<p>Powtarzalno\u015b\u0107 to klucz. Je\u015bli ka\u017cdy strza\u0142 zaczynasz z innej pozycji, trafienia b\u0119d\u0105 rozproszone. Punkt kotwiczenia to tw\u00f3j osobisty \u201ccelownik\u201d.<\/p>\n","protected":false},"excerpt":{"rendered":"<p>\u017beby trafi\u0107 w cel, nie wystarczy patrze\u0107 na tarcz\u0119. Trzeba zadba\u0107 o punkt kotwiczenia \u2013 miejsce, do kt\u00f3rego zawsze doci\u0105gasz ci\u0119ciw\u0119. Najcz\u0119\u015bciej wybiera si\u0119: Powtarzalno\u015b\u0107 to klucz. Je\u015bli ka\u017cdy strza\u0142 zaczynasz z innej pozycji, trafienia b\u0119d\u0105 rozproszone. Punkt kotwiczenia to tw\u00f3j osobisty \u201ccelownik\u201d.<\/p>\n","protected":false},"author":1,"featured_media":0,"parent":50,"menu_order":0,"comment_status":"closed","ping_status":"closed","template":"","meta":{"footnotes":""},"class_list":["post-56","page","type-page","status-publish","hentry"],"_links":{"self":[{"href":"https:\/\/pgoh.eu\/index.php?rest_route=\/wp\/v2\/pages\/56","targetHints":{"allow":["GET"]}}],"collection":[{"href":"https:\/\/pgoh.eu\/index.php?rest_route=\/wp\/v2\/pages"}],"about":[{"href":"https:\/\/pgoh.eu\/index.php?rest_route=\/wp\/v2\/types\/page"}],"author":[{"embeddable":true,"href":"https:\/\/pgoh.eu\/index.php?rest_route=\/wp\/v2\/users\/1"}],"replies":[{"embeddable":true,"href":"https:\/\/pgoh.eu\/index.php?rest_route=%2Fwp%2Fv2%2Fcomments&post=56"}],"version-history":[{"count":1,"href":"https:\/\/pgoh.eu\/index.php?rest_route=\/wp\/v2\/pages\/56\/revisions"}],"predecessor-version":[{"id":57,"href":"https:\/\/pgoh.eu\/index.php?rest_route=\/wp\/v2\/pages\/56\/revisions\/57"}],"up":[{"embeddable":true,"href":"https:\/\/pgoh.eu\/index.php?rest_route=\/wp\/v2\/pages\/50"}],"wp:attachment":[{"href":"https:\/\/pgoh.eu\/index.php?rest_route=%2Fwp%2Fv2%2Fmedia&parent=56"}],"curies":[{"name":"wp","href":"https:\/\/api.w.org\/{rel}","templated":true}]}}