{"id":50,"date":"2025-08-24T18:05:04","date_gmt":"2025-08-24T18:05:04","guid":{"rendered":"https:\/\/pgoh.eu\/?page_id=50"},"modified":"2025-08-24T18:05:04","modified_gmt":"2025-08-24T18:05:04","slug":"podstawy-lucznictwa","status":"publish","type":"page","link":"https:\/\/pgoh.eu\/?page_id=50","title":{"rendered":"Podstawy \u0142ucznictwa"},"content":{"rendered":"\n<p>\u0141ucznictwo to sztuka, sport i pasja w jednym. Niezale\u017cnie od tego, czy chcesz spr\u00f3bowa\u0107 swoich si\u0142 w rekonstrukcji historycznej, czy po prostu znale\u017a\u0107 now\u0105 form\u0119 aktywno\u015bci, dobrze zacz\u0105\u0107 od podstaw.<br>Dlatego przygotowali\u015bmy cykl artyku\u0142\u00f3w \u201cPodstawy \u0142ucznictwa\u201d, w kt\u00f3rych krok po kroku wyja\u015bnimy najwa\u017cniejsze poj\u0119cia, techniki i zasady.<br>Dzi\u0119ki temu poznasz nie tylko sprz\u0119t i technik\u0119, ale te\u017c dowiesz si\u0119, jak rozwija\u0107 swoj\u0105 koncentracj\u0119, wytrwa\u0142o\u015b\u0107 i precyzj\u0119.<\/p>\n","protected":false},"excerpt":{"rendered":"<p>\u0141ucznictwo to sztuka, sport i pasja w jednym. Niezale\u017cnie od tego, czy chcesz spr\u00f3bowa\u0107 swoich si\u0142 w rekonstrukcji historycznej, czy po prostu znale\u017a\u0107 now\u0105 form\u0119 aktywno\u015bci, dobrze zacz\u0105\u0107 od podstaw.Dlatego przygotowali\u015bmy cykl artyku\u0142\u00f3w \u201cPodstawy \u0142ucznictwa\u201d, w kt\u00f3rych krok po kroku wyja\u015bnimy najwa\u017cniejsze poj\u0119cia, techniki i zasady.Dzi\u0119ki temu poznasz nie tylko sprz\u0119t i technik\u0119, ale te\u017c [&hellip;]<\/p>\n","protected":false},"author":1,"featured_media":0,"parent":0,"menu_order":0,"comment_status":"closed","ping_status":"closed","template":"","meta":{"footnotes":""},"class_list":["post-50","page","type-page","status-publish","hentry"],"_links":{"self":[{"href":"https:\/\/pgoh.eu\/index.php?rest_route=\/wp\/v2\/pages\/50","targetHints":{"allow":["GET"]}}],"collection":[{"href":"https:\/\/pgoh.eu\/index.php?rest_route=\/wp\/v2\/pages"}],"about":[{"href":"https:\/\/pgoh.eu\/index.php?rest_route=\/wp\/v2\/types\/page"}],"author":[{"embeddable":true,"href":"https:\/\/pgoh.eu\/index.php?rest_route=\/wp\/v2\/users\/1"}],"replies":[{"embeddable":true,"href":"https:\/\/pgoh.eu\/index.php?rest_route=%2Fwp%2Fv2%2Fcomments&post=50"}],"version-history":[{"count":1,"href":"https:\/\/pgoh.eu\/index.php?rest_route=\/wp\/v2\/pages\/50\/revisions"}],"predecessor-version":[{"id":51,"href":"https:\/\/pgoh.eu\/index.php?rest_route=\/wp\/v2\/pages\/50\/revisions\/51"}],"wp:attachment":[{"href":"https:\/\/pgoh.eu\/index.php?rest_route=%2Fwp%2Fv2%2Fmedia&parent=50"}],"curies":[{"name":"wp","href":"https:\/\/api.w.org\/{rel}","templated":true}]}}