{"id":42,"date":"2025-08-24T17:55:05","date_gmt":"2025-08-24T17:55:05","guid":{"rendered":"https:\/\/pgoh.eu\/?page_id=42"},"modified":"2025-08-24T18:02:53","modified_gmt":"2025-08-24T18:02:53","slug":"dlaczego-warto-trenowac-miecz-sportowy","status":"publish","type":"page","link":"https:\/\/pgoh.eu\/?page_id=42","title":{"rendered":"Dlaczego warto trenowa\u0107 miecz sportowy?"},"content":{"rendered":"\n<p>Miecz sportowy to nie tylko ciekawostka dla pasjonat\u00f3w historii. To pe\u0142noprawny trening og\u00f3lnorozwojowy, kt\u00f3ry:<\/p>\n\n\n\n<ul class=\"wp-block-list\">\n<li>poprawia kondycj\u0119 i wzmacnia mi\u0119\u015bnie,<\/li>\n\n\n\n<li>rozwija koordynacj\u0119 ruchow\u0105 i refleks,<\/li>\n\n\n\n<li>uczy planowania i szybkiego reagowania,<\/li>\n\n\n\n<li>pozwala roz\u0142adowa\u0107 stres i napi\u0119cie.<br>Regularne \u0107wiczenia daj\u0105 satysfakcj\u0119 i post\u0119py s\u0105 widoczne ju\u017c po kilku spotkaniach. To \u015bwietny wyb\u00f3r dla os\u00f3b, kt\u00f3re chc\u0105 po\u0142\u0105czy\u0107 ruch, rekreacj\u0119 i odrobin\u0119 rywalizacji w przyjaznej atmosferze.<\/li>\n<\/ul>\n","protected":false},"excerpt":{"rendered":"<p>Miecz sportowy to nie tylko ciekawostka dla pasjonat\u00f3w historii. To pe\u0142noprawny trening og\u00f3lnorozwojowy, kt\u00f3ry:<\/p>\n","protected":false},"author":1,"featured_media":0,"parent":38,"menu_order":0,"comment_status":"closed","ping_status":"closed","template":"","meta":{"footnotes":""},"class_list":["post-42","page","type-page","status-publish","hentry"],"_links":{"self":[{"href":"https:\/\/pgoh.eu\/index.php?rest_route=\/wp\/v2\/pages\/42","targetHints":{"allow":["GET"]}}],"collection":[{"href":"https:\/\/pgoh.eu\/index.php?rest_route=\/wp\/v2\/pages"}],"about":[{"href":"https:\/\/pgoh.eu\/index.php?rest_route=\/wp\/v2\/types\/page"}],"author":[{"embeddable":true,"href":"https:\/\/pgoh.eu\/index.php?rest_route=\/wp\/v2\/users\/1"}],"replies":[{"embeddable":true,"href":"https:\/\/pgoh.eu\/index.php?rest_route=%2Fwp%2Fv2%2Fcomments&post=42"}],"version-history":[{"count":1,"href":"https:\/\/pgoh.eu\/index.php?rest_route=\/wp\/v2\/pages\/42\/revisions"}],"predecessor-version":[{"id":43,"href":"https:\/\/pgoh.eu\/index.php?rest_route=\/wp\/v2\/pages\/42\/revisions\/43"}],"up":[{"embeddable":true,"href":"https:\/\/pgoh.eu\/index.php?rest_route=\/wp\/v2\/pages\/38"}],"wp:attachment":[{"href":"https:\/\/pgoh.eu\/index.php?rest_route=%2Fwp%2Fv2%2Fmedia&parent=42"}],"curies":[{"name":"wp","href":"https:\/\/api.w.org\/{rel}","templated":true}]}}