{"id":22,"date":"2025-08-24T13:43:23","date_gmt":"2025-08-24T13:43:23","guid":{"rendered":"https:\/\/pgoh.eu\/?page_id=22"},"modified":"2025-08-24T13:43:23","modified_gmt":"2025-08-24T13:43:23","slug":"historia-i-wspolpraca","status":"publish","type":"page","link":"https:\/\/pgoh.eu\/","title":{"rendered":"Historia i wsp\u00f3\u0142praca"},"content":{"rendered":"\n<h1 class=\"wp-block-heading\"><\/h1>\n\n\n\n<p><strong>Pocz\u0105tki i korzenie<\/strong><br>Historia Pomorskiej Grupy Odtw\u00f3rstwa Historycznego si\u0119ga roku 2000. W\u00f3wczas pierwsi pasjonaci z naszego regionu zwi\u0105zali si\u0119 z ruchem rekonstrukcyjnym, dzia\u0142aj\u0105c wsp\u00f3lnie w takich dru\u017cynach jak Dru\u017cyna Woj\u00f3w Bogus\u0142awa V oraz Koszali\u0144ska Kompania Rycerska. To w\u0142a\u015bnie tam zdobywali\u015bmy pierwsze do\u015bwiadczenia, uczyli\u015bmy si\u0119 rzemios\u0142a, podstaw inscenizacji i pokaz\u00f3w, a tak\u017ce prze\u017cywali\u015bmy pierwsze potyczki na polach turniejowych. By\u0142y to lata, kt\u00f3re ukszta\u0142towa\u0142y nasze podej\u015bcie do historii i zainspirowa\u0142y do stworzenia w\u0142asnej dru\u017cyny w S\u0142upsku i okolicach.<\/p>\n\n\n\n<p><strong>Formalizacja i rozw\u00f3j<\/strong><br>Po kilkunastu latach wsp\u00f3lnego dzia\u0142ania i zdobywania do\u015bwiadczenia przyszed\u0142 czas na powo\u0142anie niezale\u017cnej organizacji. W 2012 roku oficjalnie powsta\u0142a Pomorska Grupa Odtw\u00f3rstwa Historycznego (PGOH), kt\u00f3ra zarejestrowa\u0142a si\u0119 jako stowarzyszenie. Od tej chwili dzia\u0142amy w spos\u00f3b formalny, na podstawie statutu i przepis\u00f3w prawa, co da\u0142o nam mo\u017cliwo\u015b\u0107 pe\u0142nej samodzielno\u015bci oraz otworzy\u0142o drog\u0119 do nowych projekt\u00f3w i wsp\u00f3\u0142pracy.<\/p>\n\n\n\n<p><strong>Gdzie byli\u015bmy<\/strong><br>Przez lata uczestniczyli\u015bmy w wielu wydarzeniach i festiwalach historycznych, zar\u00f3wno w Polsce, jak i poza jej granicami. Byli\u015bmy obecni m.in. w Elbl\u0105gu, Olszynie, Szczecinie, Wolinie, Kruszwicy, Szczecinku i Ko\u0142obrzegu. Wyst\u0119powali\u015bmy tam z pokazami walk woj\u00f3w, rekonstrukcjami \u017cycia codziennego oraz prezentacjami dawnych rzemios\u0142. Niezale\u017cnie od miejsca, zawsze starali\u015bmy si\u0119 odda\u0107 klimat wczesnego \u015bredniowiecza i przybli\u017cy\u0107 go publiczno\u015bci w spos\u00f3b \u017cywy i atrakcyjny.<\/p>\n\n\n\n<p><strong>Spotkania i wsp\u00f3\u0142praca<\/strong><br>Nasza dzia\u0142alno\u015b\u0107 to nie tylko w\u0142asne inicjatywy, ale tak\u017ce wsp\u00f3\u0142praca z innymi grupami rekonstrukcyjnymi. Wsp\u00f3lnie z Nordelag z Tr\u00f3jmiasta, Oliwsk\u0105 Dru\u017cyn\u0105 Najemn\u0105 Inogici z Gda\u0144ska czy Niflheim z Ko\u015bcierzyny spotykali\u015bmy si\u0119 na festiwalach i turniejach, gdzie \u0142\u0105czy\u0142y nas zar\u00f3wno walki, jak i wsp\u00f3lne warsztaty rzemios\u0142a. Podobnie bywa\u0142o z Gda\u0144sk\u0105 Rot\u0105 Mieszcza\u0144sk\u0105, Grup\u0105 Radyna z Pruszcza Gda\u0144skiego czy m\u0142odszymi dru\u017cynami, takimi jak Stowarzyszenie Volvard i GRH Gryf. To w\u0142a\u015bnie te spotkania i kontakty sprawiaj\u0105, \u017ce jeste\u015bmy cz\u0119\u015bci\u0105 wi\u0119kszej spo\u0142eczno\u015bci rekonstruktor\u00f3w, w kt\u00f3rej najwa\u017cniejsza jest pasja do historii.<\/p>\n","protected":false},"excerpt":{"rendered":"<p>Pocz\u0105tki i korzenieHistoria Pomorskiej Grupy Odtw\u00f3rstwa Historycznego si\u0119ga roku 2000. W\u00f3wczas pierwsi pasjonaci z naszego regionu zwi\u0105zali si\u0119 z ruchem rekonstrukcyjnym, dzia\u0142aj\u0105c wsp\u00f3lnie w takich dru\u017cynach jak Dru\u017cyna Woj\u00f3w Bogus\u0142awa V oraz Koszali\u0144ska Kompania Rycerska. To w\u0142a\u015bnie tam zdobywali\u015bmy pierwsze do\u015bwiadczenia, uczyli\u015bmy si\u0119 rzemios\u0142a, podstaw inscenizacji i pokaz\u00f3w, a tak\u017ce prze\u017cywali\u015bmy pierwsze potyczki na polach [&hellip;]<\/p>\n","protected":false},"author":1,"featured_media":0,"parent":0,"menu_order":0,"comment_status":"closed","ping_status":"closed","template":"","meta":{"footnotes":""},"class_list":["post-22","page","type-page","status-publish","hentry"],"_links":{"self":[{"href":"https:\/\/pgoh.eu\/index.php?rest_route=\/wp\/v2\/pages\/22","targetHints":{"allow":["GET"]}}],"collection":[{"href":"https:\/\/pgoh.eu\/index.php?rest_route=\/wp\/v2\/pages"}],"about":[{"href":"https:\/\/pgoh.eu\/index.php?rest_route=\/wp\/v2\/types\/page"}],"author":[{"embeddable":true,"href":"https:\/\/pgoh.eu\/index.php?rest_route=\/wp\/v2\/users\/1"}],"replies":[{"embeddable":true,"href":"https:\/\/pgoh.eu\/index.php?rest_route=%2Fwp%2Fv2%2Fcomments&post=22"}],"version-history":[{"count":1,"href":"https:\/\/pgoh.eu\/index.php?rest_route=\/wp\/v2\/pages\/22\/revisions"}],"predecessor-version":[{"id":23,"href":"https:\/\/pgoh.eu\/index.php?rest_route=\/wp\/v2\/pages\/22\/revisions\/23"}],"wp:attachment":[{"href":"https:\/\/pgoh.eu\/index.php?rest_route=%2Fwp%2Fv2%2Fmedia&parent=22"}],"curies":[{"name":"wp","href":"https:\/\/api.w.org\/{rel}","templated":true}]}}