{"id":147,"date":"2025-08-25T08:26:25","date_gmt":"2025-08-25T08:26:25","guid":{"rendered":"https:\/\/pgoh.eu\/?page_id=147"},"modified":"2025-08-25T08:26:25","modified_gmt":"2025-08-25T08:26:25","slug":"zapraszamy-do-naszej-druzyny","status":"publish","type":"page","link":"https:\/\/pgoh.eu\/?page_id=147","title":{"rendered":"ZAPRASZAMY DO NASZEJ DRU\u017bYNY"},"content":{"rendered":"\n<p>Szczeg\u00f3\u0142y Ods\u0142on: 1<\/p>\n\n\n\n<h2 class=\"wp-block-heading\">\ud83c\udf3f <strong>Pomorska Grupa Odtw\u00f3rstwa Historycznego<\/strong>&nbsp;zaprasza nowych cz\u0142onk\u00f3w!<\/h2>\n\n\n\n<p>Jeste\u015b pe\u0142noletni lub szukasz aktywnej formy sp\u0119dzania czasu, szukasz ciekawej formy na sp\u0119dzenie czasu z rodzin\u0105 i dzie\u0107mi?<br>Chcesz prze\u017cy\u0107 prawdziw\u0105 przygod\u0119 i zdoby\u0107 praktyczne umiej\u0119tno\u015bci? Zapraszamy do przygody w stylu wczesnego \u015bredniowiecza (wiek X)?<br>Do\u0142\u0105cz do nas!<\/p>\n\n\n\n<h3 class=\"wp-block-heading\">\ud83d\udd38 Kim jeste\u015bmy<\/h3>\n\n\n\n<p>Dzia\u0142amy jako stowarzyszenie od 2012 roku, obecnie nasza siedziba znajduje si\u0119 w Bruskowie Wielkim (gm. S\u0142upsk).<br>Specjalizujemy si\u0119 w odtw\u00f3rstwie i rekonstrukcji codziennego i \u017cycia Wiking\u00f3w, S\u0142owian i Wareg\u00f3w. W naszej pracy poznajemy, rozwijamy i wykorzystujemy do\u015bwiadczenie oraz umiej\u0119tno\u015bci z r\u00f3\u017cnych dziedzin, s\u0105 to mi\u0119dzy innymi:<\/p>\n\n\n\n<ul class=\"wp-block-list\">\n<li>bushcraft i survival w lesie,<\/li>\n\n\n\n<li>obozownictwo i zdobnictwo oparte o kultur\u0119 X wieku,<\/li>\n\n\n\n<li>wytwarzanie przedmiot\u00f3w, odzie\u017cy i uzbrojenia wzorowanego na dawnych technologiach,<\/li>\n\n\n\n<li>biwakowanie, wyprawy piesze, rowerowe i sp\u0142ywy wodne<\/li>\n\n\n\n<li>\u0142ucznictwo historyczne i warsztaty rzemie\u015blnicze<\/li>\n\n\n\n<li>wyjazdy i wyprawy w ciekawe miejsca, wsp\u00f3lne przygody<\/li>\n<\/ul>\n\n\n\n<p>Wierzymy, \u017ce ka\u017cdy, bez wzgl\u0119du na poziom do\u015bwiadczenia, mo\u017ce sta\u0107 si\u0119 cz\u0119\u015bci\u0105 tej dru\u017cyny. <br>Najwa\u017cniejsze s\u0105 pasja, otwarty umys\u0142, ch\u0119\u0107 dzia\u0142ania i szacunek do historii.<\/p>\n\n\n\n<hr class=\"wp-block-separator has-alpha-channel-opacity\"\/>\n\n\n\n<h3 class=\"wp-block-heading\">\ud83d\udd39 Dlaczego warto z nami?<\/h3>\n\n\n\n<ul class=\"wp-block-list\">\n<li>Jeste\u015bmy stowarzyszeniem z ponad 10-letni\u0105 histori\u0105.<\/li>\n\n\n\n<li>Odtw\u00f3rstwo dla wszystkich: doros\u0142ych, ca\u0142e rodziny, rodzic\u00f3w z dzie\u0107mi.<\/li>\n\n\n\n<li>Aktywnie promujemy edukacj\u0119 historyczn\u0105 i aktywny wypoczynek na Pomorzu i okolicach.<\/li>\n\n\n\n<li>Organizujemy otwarte treningi (np. \u0142ucznicze), weekendowe wyprawy, wsp\u00f3lne biwaki i warsztaty.<\/li>\n<\/ul>\n\n\n\n<hr class=\"wp-block-separator has-alpha-channel-opacity\"\/>\n\n\n\n<h3 class=\"wp-block-heading\">\ud83d\udc4d Jak do\u0142\u0105czy\u0107?<\/h3>\n\n\n\n<ol class=\"wp-block-list\">\n<li>Napisz do nas na Facebooku: <br>Pomorska Grupa Odtw\u00f3rstwa Historycznego (profil: PeGieOHa)\u202f<br><\/li>\n\n\n\n<li>Zadzwo\u0144 pod nr: <strong>+48\u202f661\u202f772\u202f578<\/strong> lub napisz maila pgoh@pgoh.eu<\/li>\n\n\n\n<li>Przyjd\u017a na otwarte spotkanie \u2013 porozmawiamy, poka\u017cemy techniki \u0142ucznicze, rzemios\u0142o, opowiemy o naszych aktywno\u015bciach i przygotowaniach<\/li>\n<\/ol>\n\n\n\n<hr class=\"wp-block-separator has-alpha-channel-opacity\"\/>\n\n\n\n<h3 class=\"wp-block-heading\">\ud83c\udf33 Co zyskujesz?<\/h3>\n\n\n\n<ul class=\"wp-block-list\">\n<li>Praktyczne umiej\u0119tno\u015bci \u2013 od budowy ogniska bez zapa\u0142ek po \u0142ucznictwo i rzemios\u0142o<\/li>\n\n\n\n<li>Wsp\u00f3lnota podobnie my\u015bl\u0105cych ludzi \u2013 pasjonat\u00f3w historii i przygody<\/li>\n\n\n\n<li>Ciekawe wyprawy: pieszo, rowerem, kajakiem i poci\u0105giem<\/li>\n\n\n\n<li>Przyjazne warsztaty tak\u017ce dla m\u0142odszych \u2013 szycie, lepienie, \u0142ucznictwo<\/li>\n<\/ul>\n\n\n\n<hr class=\"wp-block-separator has-alpha-channel-opacity\"\/>\n\n\n\n<p><strong>Nie musisz mie\u0107 stroju ani wielkiego do\u015bwiadczenia.<\/strong> <br>Umo\u017cliwimy nauk\u0119 od zera \u2013 od podstaw obozowania po egzotyczne potrawy z kuchni obozowych.<\/p>\n\n\n\n<hr class=\"wp-block-separator has-alpha-channel-opacity\"\/>\n\n\n\n<h3 class=\"wp-block-heading\">\ud83d\udce3 Pozosta\u0144my w kontakcie<\/h3>\n\n\n\n<ul class=\"wp-block-list\">\n<li>Facebook: @PeGieOHa<\/li>\n\n\n\n<li>Telefon: +48\u202f661\u202f772\u202f578<\/li>\n\n\n\n<li>E\u2011mail: pgoh@pgoh.eu<\/li>\n\n\n\n<li>Strona www: pgoh.eu<\/li>\n<\/ul>\n\n\n\n<hr class=\"wp-block-separator has-alpha-channel-opacity\"\/>\n\n\n\n<p>Do\u0142\u0105cz do nas i odkryj histori\u0119 w praktyce! \ud83d\udee1\ufe0f\ud83d\udd25<br>Czekamy na Ciebie \u2013 dru\u017cyna otwarta dla wszystkich, kt\u00f3rzy czuj\u0105 ducha przygody i chc\u0105 prze\u017cy\u0107 co\u015b niepowtarzalnego.<\/p>\n","protected":false},"excerpt":{"rendered":"<p>Szczeg\u00f3\u0142y Ods\u0142on: 1 \ud83c\udf3f Pomorska Grupa Odtw\u00f3rstwa Historycznego&nbsp;zaprasza nowych cz\u0142onk\u00f3w! Jeste\u015b pe\u0142noletni lub szukasz aktywnej formy sp\u0119dzania czasu, szukasz ciekawej formy na sp\u0119dzenie czasu z rodzin\u0105 i dzie\u0107mi?Chcesz prze\u017cy\u0107 prawdziw\u0105 przygod\u0119 i zdoby\u0107 praktyczne umiej\u0119tno\u015bci? Zapraszamy do przygody w stylu wczesnego \u015bredniowiecza (wiek X)?Do\u0142\u0105cz do nas! \ud83d\udd38 Kim jeste\u015bmy Dzia\u0142amy jako stowarzyszenie od 2012 roku, [&hellip;]<\/p>\n","protected":false},"author":1,"featured_media":0,"parent":0,"menu_order":0,"comment_status":"closed","ping_status":"closed","template":"","meta":{"footnotes":""},"class_list":["post-147","page","type-page","status-publish","hentry"],"_links":{"self":[{"href":"https:\/\/pgoh.eu\/index.php?rest_route=\/wp\/v2\/pages\/147","targetHints":{"allow":["GET"]}}],"collection":[{"href":"https:\/\/pgoh.eu\/index.php?rest_route=\/wp\/v2\/pages"}],"about":[{"href":"https:\/\/pgoh.eu\/index.php?rest_route=\/wp\/v2\/types\/page"}],"author":[{"embeddable":true,"href":"https:\/\/pgoh.eu\/index.php?rest_route=\/wp\/v2\/users\/1"}],"replies":[{"embeddable":true,"href":"https:\/\/pgoh.eu\/index.php?rest_route=%2Fwp%2Fv2%2Fcomments&post=147"}],"version-history":[{"count":1,"href":"https:\/\/pgoh.eu\/index.php?rest_route=\/wp\/v2\/pages\/147\/revisions"}],"predecessor-version":[{"id":148,"href":"https:\/\/pgoh.eu\/index.php?rest_route=\/wp\/v2\/pages\/147\/revisions\/148"}],"wp:attachment":[{"href":"https:\/\/pgoh.eu\/index.php?rest_route=%2Fwp%2Fv2%2Fmedia&parent=147"}],"curies":[{"name":"wp","href":"https:\/\/api.w.org\/{rel}","templated":true}]}}